{"id":238726,"date":"2025-09-26T11:18:37","date_gmt":"2025-09-26T11:18:37","guid":{"rendered":"https:\/\/www.uma.pt\/?page_id=238726"},"modified":"2025-09-26T11:18:37","modified_gmt":"2025-09-26T11:18:37","slug":"politica-de-seguranca-da-informacao","status":"publish","type":"page","link":"https:\/\/www.uma.pt\/en\/politicas-institucionais\/politica-de-seguranca-da-informacao\/","title":{"rendered":"Pol\u00edtica de Seguran\u00e7a da Informa\u00e7\u00e3o"},"content":{"rendered":"","protected":false},"excerpt":{"rendered":"","protected":false},"author":1,"featured_media":0,"parent":238722,"menu_order":0,"comment_status":"closed","ping_status":"closed","template":"page-templates\/psi.php","meta":{"footnotes":""},"class_list":["post-238726","page","type-page","status-publish","hentry"],"translation":{"provider":"WPGlobus","version":"2.8.11","language":"en","enabled_languages":["pt","en"],"languages":{"pt":{"title":true,"content":false,"excerpt":false},"en":{"title":false,"content":false,"excerpt":false}}},"acf":[],"_links":{"self":[{"href":"https:\/\/www.uma.pt\/en\/wp-json\/wp\/v2\/pages\/238726"}],"collection":[{"href":"https:\/\/www.uma.pt\/en\/wp-json\/wp\/v2\/pages"}],"about":[{"href":"https:\/\/www.uma.pt\/en\/wp-json\/wp\/v2\/types\/page"}],"author":[{"embeddable":true,"href":"https:\/\/www.uma.pt\/en\/wp-json\/wp\/v2\/users\/1"}],"replies":[{"embeddable":true,"href":"https:\/\/www.uma.pt\/en\/wp-json\/wp\/v2\/comments?post=238726"}],"version-history":[{"count":1,"href":"https:\/\/www.uma.pt\/en\/wp-json\/wp\/v2\/pages\/238726\/revisions"}],"predecessor-version":[{"id":238727,"href":"https:\/\/www.uma.pt\/en\/wp-json\/wp\/v2\/pages\/238726\/revisions\/238727"}],"up":[{"embeddable":true,"href":"https:\/\/www.uma.pt\/en\/wp-json\/wp\/v2\/pages\/238722"}],"wp:attachment":[{"href":"https:\/\/www.uma.pt\/en\/wp-json\/wp\/v2\/media?parent=238726"}],"curies":[{"name":"wp","href":"https:\/\/api.w.org\/{rel}","templated":true}]}}